{"id":1174,"date":"2019-12-15T12:21:49","date_gmt":"2019-12-15T10:21:49","guid":{"rendered":"https:\/\/ncprojekti.lv\/kontakti\/"},"modified":"2024-01-22T08:16:03","modified_gmt":"2024-01-22T06:16:03","slug":"kontakti","status":"publish","type":"page","link":"https:\/\/ncprojekti.lv\/en\/kontakti\/","title":{"rendered":"Contact us"},"content":{"rendered":"\t\t<div data-elementor-type=\"wp-page\" data-elementor-id=\"1174\" class=\"elementor elementor-1174 elementor-19\" data-elementor-post-type=\"page\">\n\t\t\t\t\t\t<section class=\"elementor-section elementor-top-section elementor-element elementor-element-24128d1b elementor-section-height-min-height elementor-section-content-middle elementor-section-boxed elementor-section-height-default elementor-section-items-middle\" data-id=\"24128d1b\" data-element_type=\"section\" data-settings=\"{&quot;background_background&quot;:&quot;classic&quot;}\">\n\t\t\t\t\t\t\t<div class=\"elementor-background-overlay\"><\/div>\n\t\t\t\t\t\t\t<div class=\"elementor-container elementor-column-gap-no\">\n\t\t\t\t\t<div class=\"elementor-column elementor-col-100 elementor-top-column elementor-element elementor-element-68252821\" data-id=\"68252821\" data-element_type=\"column\">\n\t\t\t<div class=\"elementor-widget-wrap elementor-element-populated\">\n\t\t\t\t\t\t<div class=\"elementor-element elementor-element-7276cff elementor-widget elementor-widget-heading\" data-id=\"7276cff\" data-element_type=\"widget\" data-widget_type=\"heading.default\">\n\t\t\t\t<div class=\"elementor-widget-container\">\n\t\t\t\t\t<h1 class=\"elementor-heading-title elementor-size-default\">Contact us<\/h1>\t\t\t\t<\/div>\n\t\t\t\t<\/div>\n\t\t\t\t<div class=\"elementor-element elementor-element-ec60a48 elementor-align-center elementor-widget elementor-widget-breadcrumbs\" data-id=\"ec60a48\" data-element_type=\"widget\" data-widget_type=\"breadcrumbs.default\">\n\t\t\t\t<div class=\"elementor-widget-container\">\n\t\t\t\t\t<p id=\"breadcrumbs\"><span><span><a href=\"https:\/\/ncprojekti.lv\/en\/sakums\/\">S\u0101kums<\/a><\/span><\/span><\/p>\t\t\t\t<\/div>\n\t\t\t\t<\/div>\n\t\t\t\t\t<\/div>\n\t\t<\/div>\n\t\t\t\t\t<\/div>\n\t\t<\/section>\n\t\t\t\t<section class=\"elementor-section elementor-top-section elementor-element elementor-element-41726da elementor-section-boxed elementor-section-height-default elementor-section-height-default\" data-id=\"41726da\" data-element_type=\"section\" data-settings=\"{&quot;background_background&quot;:&quot;classic&quot;}\">\n\t\t\t\t\t\t<div class=\"elementor-container elementor-column-gap-default\">\n\t\t\t\t\t<div class=\"elementor-column elementor-col-100 elementor-top-column elementor-element elementor-element-9f59f02\" data-id=\"9f59f02\" data-element_type=\"column\">\n\t\t\t<div class=\"elementor-widget-wrap elementor-element-populated\">\n\t\t\t\t\t\t<div class=\"elementor-element elementor-element-cc3438c elementor-widget elementor-widget-google_maps\" data-id=\"cc3438c\" data-element_type=\"widget\" data-widget_type=\"google_maps.default\">\n\t\t\t\t<div class=\"elementor-widget-container\">\n\t\t\t\t\t\t\t<div class=\"elementor-custom-embed\">\n\t\t\t<iframe loading=\"lazy\"\n\t\t\t\t\tsrc=\"https:\/\/maps.google.com\/maps?q=56%C2%B057%2752.2%22N%2024%C2%B030%2743.0%22E&#038;t=m&#038;z=12&#038;output=embed&#038;iwloc=near\"\n\t\t\t\t\ttitle=\"56\u00b057&#039;52.2&quot;N 24\u00b030&#039;43.0&quot;E\"\n\t\t\t\t\taria-label=\"56\u00b057&#039;52.2&quot;N 24\u00b030&#039;43.0&quot;E\"\n\t\t\t><\/iframe>\n\t\t<\/div>\n\t\t\t\t\t\t<\/div>\n\t\t\t\t<\/div>\n\t\t\t\t<section class=\"elementor-section elementor-inner-section elementor-element elementor-element-9008e10 elementor-reverse-mobile elementor-section-boxed elementor-section-height-default elementor-section-height-default\" data-id=\"9008e10\" data-element_type=\"section\">\n\t\t\t\t\t\t<div class=\"elementor-container elementor-column-gap-default\">\n\t\t\t\t\t<div class=\"elementor-column elementor-col-66 elementor-inner-column elementor-element elementor-element-9ae16de\" data-id=\"9ae16de\" data-element_type=\"column\" data-settings=\"{&quot;background_background&quot;:&quot;classic&quot;}\">\n\t\t\t<div class=\"elementor-widget-wrap elementor-element-populated\">\n\t\t\t\t\t\t<div class=\"elementor-element elementor-element-7e53a0e elementor-widget elementor-widget-heading\" data-id=\"7e53a0e\" data-element_type=\"widget\" data-widget_type=\"heading.default\">\n\t\t\t\t<div class=\"elementor-widget-container\">\n\t\t\t\t\t<h3 class=\"elementor-heading-title elementor-size-default\">Write us a message<\/h3>\t\t\t\t<\/div>\n\t\t\t\t<\/div>\n\t\t\t\t<div class=\"elementor-element elementor-element-0c6d1b2 elementor-widget elementor-widget-heading\" data-id=\"0c6d1b2\" data-element_type=\"widget\" data-widget_type=\"heading.default\">\n\t\t\t\t<div class=\"elementor-widget-container\">\n\t\t\t\t\t<div class=\"elementor-heading-title elementor-size-default\">Your data will be safe with us. Mandatory fields are marked with *<\/div>\t\t\t\t<\/div>\n\t\t\t\t<\/div>\n\t\t\t\t<div class=\"elementor-element elementor-element-6e499b8 elementor-button-align-start elementor-widget elementor-widget-form\" data-id=\"6e499b8\" data-element_type=\"widget\" data-settings=\"{&quot;step_next_label&quot;:&quot;Next&quot;,&quot;step_previous_label&quot;:&quot;Previous&quot;,&quot;button_width&quot;:&quot;100&quot;,&quot;step_type&quot;:&quot;number_text&quot;,&quot;step_icon_shape&quot;:&quot;circle&quot;}\" data-widget_type=\"form.default\">\n\t\t\t\t<div class=\"elementor-widget-container\">\n\t\t\t\t\t\t\t<form class=\"elementor-form\" method=\"post\" name=\"Contact\">\n\t\t\t<input type=\"hidden\" name=\"post_id\" value=\"1174\"\/>\n\t\t\t<input type=\"hidden\" name=\"form_id\" value=\"6e499b8\"\/>\n\t\t\t<input type=\"hidden\" name=\"referer_title\" value=\"Northern Construction\" \/>\n\n\t\t\t\n\t\t\t<div class=\"elementor-form-fields-wrapper elementor-labels-above\">\n\t\t\t\t\t\t\t\t<div class=\"elementor-field-type-text elementor-field-group elementor-column elementor-field-group-name elementor-col-33\">\n\t\t\t\t\t\t\t\t\t\t\t\t\t<input size=\"1\" type=\"text\" name=\"form_fields[name]\" id=\"form-field-name\" class=\"elementor-field elementor-size-md  elementor-field-textual\" placeholder=\"Name*\">\n\t\t\t\t\t\t\t\t\t\t\t<\/div>\n\t\t\t\t\t\t\t\t<div class=\"elementor-field-type-email elementor-field-group elementor-column elementor-field-group-email elementor-col-33 elementor-field-required\">\n\t\t\t\t\t\t\t\t\t\t\t\t\t<input size=\"1\" type=\"email\" name=\"form_fields[email]\" id=\"form-field-email\" class=\"elementor-field elementor-size-md  elementor-field-textual\" placeholder=\"Email*\" required=\"required\">\n\t\t\t\t\t\t\t\t\t\t\t<\/div>\n\t\t\t\t\t\t\t\t<div class=\"elementor-field-type-text elementor-field-group elementor-column elementor-field-group-field_1 elementor-col-33\">\n\t\t\t\t\t\t\t\t\t\t\t\t\t<input size=\"1\" type=\"text\" name=\"form_fields[field_1]\" id=\"form-field-field_1\" class=\"elementor-field elementor-size-md  elementor-field-textual\" placeholder=\"Phone\">\n\t\t\t\t\t\t\t\t\t\t\t<\/div>\n\t\t\t\t\t\t\t\t<div class=\"elementor-field-type-textarea elementor-field-group elementor-column elementor-field-group-message elementor-col-100 elementor-field-required\">\n\t\t\t\t\t<textarea class=\"elementor-field-textual elementor-field  elementor-size-md\" name=\"form_fields[message]\" id=\"form-field-message\" rows=\"8\" placeholder=\"Message*\" required=\"required\"><\/textarea>\t\t\t\t<\/div>\n\t\t\t\t\t\t\t\t<div class=\"elementor-field-type-text elementor-field-group elementor-column elementor-field-group-field_2 elementor-col-100\">\n\t\t\t\t\t\t\t\t\t\t\t\t\t<input size=\"1\" type=\"text\" name=\"form_fields[field_2]\" id=\"form-field-field_2\" class=\"elementor-field elementor-size-md  elementor-field-textual\" placeholder=\"Location of the building plot\">\n\t\t\t\t\t\t\t\t\t\t\t<\/div>\n\t\t\t\t\t\t\t\t<div class=\"elementor-field-type-radio elementor-field-group elementor-column elementor-field-group-field_3 elementor-col-100\">\n\t\t\t\t\t\t\t\t\t\t\t\t<label for=\"form-field-field_3\" class=\"elementor-field-label\">\n\t\t\t\t\t\t\t\tWhen do you plan to start construction?\t\t\t\t\t\t\t<\/label>\n\t\t\t\t\t\t<div class=\"elementor-field-subgroup  \"><span class=\"elementor-field-option\"><input type=\"radio\" value=\"within 3 months\" id=\"form-field-field_3-0\" name=\"form_fields[field_3]\"> <label for=\"form-field-field_3-0\">within 3 months<\/label><\/span><span class=\"elementor-field-option\"><input type=\"radio\" value=\"within 6 months\" id=\"form-field-field_3-1\" name=\"form_fields[field_3]\"> <label for=\"form-field-field_3-1\">within 6 months<\/label><\/span><span class=\"elementor-field-option\"><input type=\"radio\" value=\"within 12 months\" id=\"form-field-field_3-2\" name=\"form_fields[field_3]\"> <label for=\"form-field-field_3-2\">within 12 months<\/label><\/span><span class=\"elementor-field-option\"><input type=\"radio\" value=\"later\" id=\"form-field-field_3-3\" name=\"form_fields[field_3]\"> <label for=\"form-field-field_3-3\">later<\/label><\/span><\/div>\t\t\t\t<\/div>\n\t\t\t\t\t\t\t\t<div class=\"elementor-field-type-radio elementor-field-group elementor-column elementor-field-group-field_4 elementor-col-100\">\n\t\t\t\t\t\t\t\t\t\t\t\t<label for=\"form-field-field_4\" class=\"elementor-field-label\">\n\t\t\t\t\t\t\t\tHow did you hear about us?\t\t\t\t\t\t\t<\/label>\n\t\t\t\t\t\t<div class=\"elementor-field-subgroup  \"><span class=\"elementor-field-option\"><input type=\"radio\" value=\"Google\" id=\"form-field-field_4-0\" name=\"form_fields[field_4]\"> <label for=\"form-field-field_4-0\">Google<\/label><\/span><span class=\"elementor-field-option\"><input type=\"radio\" value=\"Social media\" id=\"form-field-field_4-1\" name=\"form_fields[field_4]\"> <label for=\"form-field-field_4-1\">Social media<\/label><\/span><span class=\"elementor-field-option\"><input type=\"radio\" value=\"Customer recommendation\" id=\"form-field-field_4-2\" name=\"form_fields[field_4]\"> <label for=\"form-field-field_4-2\">Customer recommendation<\/label><\/span><span class=\"elementor-field-option\"><input type=\"radio\" value=\"Expert advice\" id=\"form-field-field_4-3\" name=\"form_fields[field_4]\"> <label for=\"form-field-field_4-3\">Expert advice<\/label><\/span><span class=\"elementor-field-option\"><input type=\"radio\" value=\"Other\" id=\"form-field-field_4-4\" name=\"form_fields[field_4]\"> <label for=\"form-field-field_4-4\">Other<\/label><\/span><\/div>\t\t\t\t<\/div>\n\t\t\t\t\t\t\t\t<div class=\"elementor-field-group elementor-column elementor-field-type-submit elementor-col-100 e-form__buttons\">\n\t\t\t\t\t<button class=\"elementor-button elementor-size-sm elementor-animation-grow\" type=\"submit\">\n\t\t\t\t\t\t<span class=\"elementor-button-content-wrapper\">\n\t\t\t\t\t\t\t\t\t\t\t\t\t\t\t\t\t\t\t\t\t\t<span class=\"elementor-button-text\">SEND A MESSAGE<\/span>\n\t\t\t\t\t\t\t\t\t\t\t\t\t<\/span>\n\t\t\t\t\t<\/button>\n\t\t\t\t<\/div>\n\t\t\t<\/div>\n\t\t<\/form>\n\t\t\t\t\t\t<\/div>\n\t\t\t\t<\/div>\n\t\t\t\t\t<\/div>\n\t\t<\/div>\n\t\t\t\t<div class=\"elementor-column elementor-col-33 elementor-inner-column elementor-element elementor-element-48609e8\" data-id=\"48609e8\" data-element_type=\"column\" data-settings=\"{&quot;background_background&quot;:&quot;classic&quot;}\">\n\t\t\t<div class=\"elementor-widget-wrap elementor-element-populated\">\n\t\t\t\t\t\t<div class=\"elementor-element elementor-element-fcba699 elementor-widget elementor-widget-text-editor\" data-id=\"fcba699\" data-element_type=\"widget\" data-widget_type=\"text-editor.default\">\n\t\t\t\t<div class=\"elementor-widget-container\">\n\t\t\t\t\t\t\t\t\t<div class=\"elementor-element elementor-element-8437b9b elementor-widget elementor-widget-heading\" data-id=\"8437b9b\" data-element_type=\"widget\" data-widget_type=\"heading.default\">\n<div class=\"elementor-widget-container\">\n<h3 class=\"elementor-heading-title elementor-size-default\">Factory<\/h3>\n<\/div>\n<\/div>\n<div class=\"elementor-element elementor-element-d06f56a elementor-widget elementor-widget-text-editor\" data-id=\"d06f56a\" data-element_type=\"widget\" data-widget_type=\"text-editor.default\">\n<div class=\"elementor-widget-container\">\n<div class=\"elementor-text-editor elementor-clearfix\"><b>Address:<\/b> <span style=\"color: #878585;\">&#8220;\u010capas&#8221;, Za\u0137umui\u017ea, Ropazu nov., LV-2133<\/span><\/div>\n<div><b>Phone:<\/b> <a href=\"tel:+37120655556\"><span style=\"color: #878585;\">+371 20 65 55 56<\/span><\/a><br>\n<b>Email:<\/b> <a href=\"mailto:info@ncprojekti.lv\" target=\"_blank\" rel=\"noopener\"><span style=\"color: #878585;\">info@ncprojekti.lv<\/span><\/a><\/div>\n<\/div>\n<\/div>\t\t\t\t\t\t\t\t<\/div>\n\t\t\t\t<\/div>\n\t\t\t\t\t<\/div>\n\t\t<\/div>\n\t\t\t\t\t<\/div>\n\t\t<\/section>\n\t\t\t\t\t<\/div>\n\t\t<\/div>\n\t\t\t\t\t<\/div>\n\t\t<\/section>\n\t\t\t\t<\/div>\n\t\t","protected":false},"excerpt":{"rendered":"<p>Contact us Write us a message Your data will be safe with us. Mandatory fields are marked with * Factory Address: &#8220;\u010capas&#8221;, Za\u0137umui\u017ea, Ropazu nov., LV-2133 Phone: +371 20 65 55 56 Email: info@ncprojekti.lv<\/p>\n","protected":false},"author":1,"featured_media":0,"parent":0,"menu_order":0,"comment_status":"closed","ping_status":"closed","template":"elementor_header_footer","meta":{"footnotes":""},"class_list":["post-1174","page","type-page","status-publish","hentry"],"yoast_head":"<!-- This site is optimized with the Yoast SEO plugin v24.8.1 - https:\/\/yoast.com\/wordpress\/plugins\/seo\/ -->\n<title>Contact us - Northern Construction<\/title>\n<meta name=\"robots\" content=\"index, follow, max-snippet:-1, max-image-preview:large, max-video-preview:-1\" \/>\n<link rel=\"canonical\" href=\"https:\/\/ncprojekti.lv\/en\/kontakti\/\" \/>\n<meta property=\"og:locale\" content=\"en_US\" \/>\n<meta property=\"og:type\" content=\"article\" \/>\n<meta property=\"og:title\" content=\"Contact us - Northern Construction\" \/>\n<meta property=\"og:description\" content=\"Contact us Write us a message Your data will be safe with us. Mandatory fields are marked with * Factory Address: &#8220;\u010capas&#8221;, Za\u0137umui\u017ea, Ropazu nov., LV-2133 Phone: +371 20 65 55 56 Email: info@ncprojekti.lv\" \/>\n<meta property=\"og:url\" content=\"https:\/\/ncprojekti.lv\/en\/kontakti\/\" \/>\n<meta property=\"og:site_name\" content=\"Northern Construction\" \/>\n<meta property=\"article:publisher\" content=\"https:\/\/www.facebook.com\/NCProjekti\/\" \/>\n<meta property=\"article:modified_time\" content=\"2024-01-22T06:16:03+00:00\" \/>\n<meta name=\"twitter:card\" content=\"summary_large_image\" \/>\n<meta name=\"twitter:label1\" content=\"Est. reading time\" \/>\n\t<meta name=\"twitter:data1\" content=\"1 minute\" \/>\n<script type=\"application\/ld+json\" class=\"yoast-schema-graph\">{\"@context\":\"https:\/\/schema.org\",\"@graph\":[{\"@type\":\"WebPage\",\"@id\":\"https:\/\/ncprojekti.lv\/en\/kontakti\/\",\"url\":\"https:\/\/ncprojekti.lv\/en\/kontakti\/\",\"name\":\"Contact us - Northern Construction\",\"isPartOf\":{\"@id\":\"https:\/\/ncprojekti.lv\/en\/#website\"},\"datePublished\":\"2019-12-15T10:21:49+00:00\",\"dateModified\":\"2024-01-22T06:16:03+00:00\",\"breadcrumb\":{\"@id\":\"https:\/\/ncprojekti.lv\/en\/kontakti\/#breadcrumb\"},\"inLanguage\":\"en-US\",\"potentialAction\":[{\"@type\":\"ReadAction\",\"target\":[\"https:\/\/ncprojekti.lv\/en\/kontakti\/\"]}]},{\"@type\":\"BreadcrumbList\",\"@id\":\"https:\/\/ncprojekti.lv\/en\/kontakti\/#breadcrumb\",\"itemListElement\":[{\"@type\":\"ListItem\",\"position\":1,\"name\":\"S\u0101kums\",\"item\":\"https:\/\/ncprojekti.lv\/en\/sakums\/\"},{\"@type\":\"ListItem\",\"position\":2,\"name\":\"Contact us\"}]},{\"@type\":\"WebSite\",\"@id\":\"https:\/\/ncprojekti.lv\/en\/#website\",\"url\":\"https:\/\/ncprojekti.lv\/en\/\",\"name\":\"Northern Construction\",\"description\":\"\",\"publisher\":{\"@id\":\"https:\/\/ncprojekti.lv\/en\/#organization\"},\"alternateName\":\"NC projekti\",\"potentialAction\":[{\"@type\":\"SearchAction\",\"target\":{\"@type\":\"EntryPoint\",\"urlTemplate\":\"https:\/\/ncprojekti.lv\/en\/?s={search_term_string}\"},\"query-input\":{\"@type\":\"PropertyValueSpecification\",\"valueRequired\":true,\"valueName\":\"search_term_string\"}}],\"inLanguage\":\"en-US\"},{\"@type\":\"Organization\",\"@id\":\"https:\/\/ncprojekti.lv\/en\/#organization\",\"name\":\"Northern Construction\",\"alternateName\":\"NC projekti\",\"url\":\"https:\/\/ncprojekti.lv\/en\/\",\"logo\":{\"@type\":\"ImageObject\",\"inLanguage\":\"en-US\",\"@id\":\"https:\/\/ncprojekti.lv\/en\/#\/schema\/logo\/image\/\",\"url\":\"https:\/\/ncprojekti.lv\/wp-content\/uploads\/2019\/12\/logo-balts.png\",\"contentUrl\":\"https:\/\/ncprojekti.lv\/wp-content\/uploads\/2019\/12\/logo-balts.png\",\"width\":569,\"height\":141,\"caption\":\"Northern Construction\"},\"image\":{\"@id\":\"https:\/\/ncprojekti.lv\/en\/#\/schema\/logo\/image\/\"},\"sameAs\":[\"https:\/\/www.facebook.com\/NCProjekti\/\"]}]}<\/script>\n<!-- \/ Yoast SEO plugin. -->","yoast_head_json":{"title":"Contact us - Northern Construction","robots":{"index":"index","follow":"follow","max-snippet":"max-snippet:-1","max-image-preview":"max-image-preview:large","max-video-preview":"max-video-preview:-1"},"canonical":"https:\/\/ncprojekti.lv\/en\/kontakti\/","og_locale":"en_US","og_type":"article","og_title":"Contact us - Northern Construction","og_description":"Contact us Write us a message Your data will be safe with us. Mandatory fields are marked with * Factory Address: &#8220;\u010capas&#8221;, Za\u0137umui\u017ea, Ropazu nov., LV-2133 Phone: +371 20 65 55 56 Email: info@ncprojekti.lv","og_url":"https:\/\/ncprojekti.lv\/en\/kontakti\/","og_site_name":"Northern Construction","article_publisher":"https:\/\/www.facebook.com\/NCProjekti\/","article_modified_time":"2024-01-22T06:16:03+00:00","twitter_card":"summary_large_image","twitter_misc":{"Est. reading time":"1 minute"},"schema":{"@context":"https:\/\/schema.org","@graph":[{"@type":"WebPage","@id":"https:\/\/ncprojekti.lv\/en\/kontakti\/","url":"https:\/\/ncprojekti.lv\/en\/kontakti\/","name":"Contact us - Northern Construction","isPartOf":{"@id":"https:\/\/ncprojekti.lv\/en\/#website"},"datePublished":"2019-12-15T10:21:49+00:00","dateModified":"2024-01-22T06:16:03+00:00","breadcrumb":{"@id":"https:\/\/ncprojekti.lv\/en\/kontakti\/#breadcrumb"},"inLanguage":"en-US","potentialAction":[{"@type":"ReadAction","target":["https:\/\/ncprojekti.lv\/en\/kontakti\/"]}]},{"@type":"BreadcrumbList","@id":"https:\/\/ncprojekti.lv\/en\/kontakti\/#breadcrumb","itemListElement":[{"@type":"ListItem","position":1,"name":"S\u0101kums","item":"https:\/\/ncprojekti.lv\/en\/sakums\/"},{"@type":"ListItem","position":2,"name":"Contact us"}]},{"@type":"WebSite","@id":"https:\/\/ncprojekti.lv\/en\/#website","url":"https:\/\/ncprojekti.lv\/en\/","name":"Northern Construction","description":"","publisher":{"@id":"https:\/\/ncprojekti.lv\/en\/#organization"},"alternateName":"NC projekti","potentialAction":[{"@type":"SearchAction","target":{"@type":"EntryPoint","urlTemplate":"https:\/\/ncprojekti.lv\/en\/?s={search_term_string}"},"query-input":{"@type":"PropertyValueSpecification","valueRequired":true,"valueName":"search_term_string"}}],"inLanguage":"en-US"},{"@type":"Organization","@id":"https:\/\/ncprojekti.lv\/en\/#organization","name":"Northern Construction","alternateName":"NC projekti","url":"https:\/\/ncprojekti.lv\/en\/","logo":{"@type":"ImageObject","inLanguage":"en-US","@id":"https:\/\/ncprojekti.lv\/en\/#\/schema\/logo\/image\/","url":"https:\/\/ncprojekti.lv\/wp-content\/uploads\/2019\/12\/logo-balts.png","contentUrl":"https:\/\/ncprojekti.lv\/wp-content\/uploads\/2019\/12\/logo-balts.png","width":569,"height":141,"caption":"Northern Construction"},"image":{"@id":"https:\/\/ncprojekti.lv\/en\/#\/schema\/logo\/image\/"},"sameAs":["https:\/\/www.facebook.com\/NCProjekti\/"]}]}},"_links":{"self":[{"href":"https:\/\/ncprojekti.lv\/en\/wp-json\/wp\/v2\/pages\/1174","targetHints":{"allow":["GET"]}}],"collection":[{"href":"https:\/\/ncprojekti.lv\/en\/wp-json\/wp\/v2\/pages"}],"about":[{"href":"https:\/\/ncprojekti.lv\/en\/wp-json\/wp\/v2\/types\/page"}],"author":[{"embeddable":true,"href":"https:\/\/ncprojekti.lv\/en\/wp-json\/wp\/v2\/users\/1"}],"replies":[{"embeddable":true,"href":"https:\/\/ncprojekti.lv\/en\/wp-json\/wp\/v2\/comments?post=1174"}],"version-history":[{"count":16,"href":"https:\/\/ncprojekti.lv\/en\/wp-json\/wp\/v2\/pages\/1174\/revisions"}],"predecessor-version":[{"id":1794,"href":"https:\/\/ncprojekti.lv\/en\/wp-json\/wp\/v2\/pages\/1174\/revisions\/1794"}],"wp:attachment":[{"href":"https:\/\/ncprojekti.lv\/en\/wp-json\/wp\/v2\/media?parent=1174"}],"curies":[{"name":"wp","href":"https:\/\/api.w.org\/{rel}","templated":true}]}}